{"id":1380,"date":"2024-02-22T13:45:48","date_gmt":"2024-02-22T13:45:48","guid":{"rendered":"http:\/\/wp-box-eg2020.de\/?page_id=1380"},"modified":"2024-05-09T09:37:55","modified_gmt":"2024-05-09T09:37:55","slug":"zum-nachhoeren","status":"publish","type":"page","link":"http:\/\/wp-box-eg2020.de\/?page_id=1380","title":{"rendered":"zum Nachh\u00f6ren"},"content":{"rendered":"\n<h3 class=\"wp-block-heading\">Predigt am Tag der Himmelfahrt Christi, Apostegelschichte 1,1-11<sub> (am 9.5.2024)<\/sub><\/h3>\n\n\n\n<figure class=\"wp-block-audio\"><audio controls src=\"http:\/\/wp-box-eg2020.de\/wp-content\/uploads\/2024\/05\/2024-05-09-B_Egidio-Himmelfahrt-Apg-1.mp3\"><\/audio><\/figure>\n\n\n\n<h3 class=\"wp-block-heading\">Predigt zum Sonntag Kantate: <br>Die S\u00e4nger am gl\u00e4sernen Meer singen das Lied Moses und des Lammes, Offenbarung 15,2-4 <sub>(am 28.4.2024)<\/sub><\/h3>\n\n\n\n<figure class=\"wp-block-audio\"><audio controls src=\"http:\/\/wp-box-eg2020.de\/wp-content\/uploads\/2024\/04\/Predigt-Kantate-2024-Offb-15.mp3\"><\/audio><\/figure>\n\n\n\n<h3 class=\"wp-block-heading\">Predigt zum Sonntag Invokavit \u00fcber die Versuchung Jesu, Matth\u00e4us 4,1-11 <sub>(am 18.2.2024)<\/sub><\/h3>\n\n\n\n<figure class=\"wp-block-audio\"><audio controls src=\"http:\/\/wp-box-eg2020.de\/wp-content\/uploads\/2024\/02\/Predigt-Invokavit-2024-Matth-4.mp3\"><\/audio><\/figure>\n\n\n\n<h3 class=\"wp-block-heading\">Predigt zum Sonntag Estomihi \u00fcber die Klage des Propheten Amos, Kap 5,21-24 <sub>(am 11.2.2024<\/sub>)<\/h3>\n\n\n\n<figure class=\"wp-block-audio\"><audio controls src=\"http:\/\/wp-box-eg2020.de\/wp-content\/uploads\/2024\/02\/Predigt-Estomihi-2024-Amos-5.mp3\"><\/audio><\/figure>\n","protected":false},"excerpt":{"rendered":"<p>Predigt am Tag der Himmelfahrt Christi, Apostegelschichte 1,1-11 (am 9.5.2024) Predigt zum Sonntag Kantate: Die S\u00e4nger am gl\u00e4sernen Meer singen das Lied Moses und des Lammes, Offenbarung 15,2-4 (am 28.4.2024) Predigt zum Sonntag Invokavit \u00fcber die Versuchung Jesu, Matth\u00e4us 4,1-11 (am 18.2.2024) Predigt zum Sonntag Estomihi \u00fcber die Klage des Propheten Amos, Kap 5,21-24 (am [&hellip;]<\/p>\n","protected":false},"author":1,"featured_media":0,"parent":0,"menu_order":0,"comment_status":"closed","ping_status":"closed","template":"","meta":{"_lmt_disableupdate":"","_lmt_disable":"","footnotes":""},"class_list":["post-1380","page","type-page","status-publish","hentry"],"_links":{"self":[{"href":"http:\/\/wp-box-eg2020.de\/index.php?rest_route=\/wp\/v2\/pages\/1380","targetHints":{"allow":["GET"]}}],"collection":[{"href":"http:\/\/wp-box-eg2020.de\/index.php?rest_route=\/wp\/v2\/pages"}],"about":[{"href":"http:\/\/wp-box-eg2020.de\/index.php?rest_route=\/wp\/v2\/types\/page"}],"author":[{"embeddable":true,"href":"http:\/\/wp-box-eg2020.de\/index.php?rest_route=\/wp\/v2\/users\/1"}],"replies":[{"embeddable":true,"href":"http:\/\/wp-box-eg2020.de\/index.php?rest_route=%2Fwp%2Fv2%2Fcomments&post=1380"}],"version-history":[{"count":4,"href":"http:\/\/wp-box-eg2020.de\/index.php?rest_route=\/wp\/v2\/pages\/1380\/revisions"}],"predecessor-version":[{"id":1825,"href":"http:\/\/wp-box-eg2020.de\/index.php?rest_route=\/wp\/v2\/pages\/1380\/revisions\/1825"}],"wp:attachment":[{"href":"http:\/\/wp-box-eg2020.de\/index.php?rest_route=%2Fwp%2Fv2%2Fmedia&parent=1380"}],"curies":[{"name":"wp","href":"https:\/\/api.w.org\/{rel}","templated":true}]}}