{"id":650,"date":"2022-10-08T08:28:49","date_gmt":"2022-10-08T08:28:49","guid":{"rendered":"http:\/\/wp-box-eg2020.de\/?page_id=650"},"modified":"2022-12-09T09:36:00","modified_gmt":"2022-12-09T09:36:00","slug":"gebete-fuer-den-alltagsgebrauch","status":"publish","type":"page","link":"http:\/\/wp-box-eg2020.de\/?page_id=650","title":{"rendered":"Gebete f\u00fcr den Alltagsgebrauch"},"content":{"rendered":"\n<h2 class=\"wp-block-heading\">Am Morgen<\/h2>\n\n\n\n<h3 class=\"wp-block-heading\"><a href=\"http:\/\/wp-box-eg2020.de\/?page_id=1449\">Gebetszeit am Morgen<\/a><\/h3>\n\n\n\n<p>Dies ist ein l\u00e4ngeres Gebet mit ganz verschiedenen Aspekten, die ich nicht aus den Augen verlieren m\u00f6chte (noch im Aufbau begriffen)<\/p>\n\n\n\n<div class=\"wp-block-aab-group-accordion aagb_accordion_586ed2f2-4768-411a-a853-92329da3817a click\">\n<div class=\"wp-block-aab-accordion-item aagb__accordion_container\" style=\"border:1px solid #cccccc;margin-top:0px;margin-bottom:15px;border-radius:0px\"><div class=\"aagb__accordion_head aab_right_icon\" data-active=\"false\" style=\"color:#333333;background-color:transparent;padding:10px 15px 10px 15px\"><div class=\"aagb__accordion_heading aab_right_icon\"><h4 class=\"aagb__accordion_title\" style=\"margin:0;color:#333333\"><strong>Gebet um Gottes Gegenwart<\/strong><\/h4><\/div><div class=\"aagb__accordion_icon\" style=\"color:#333333;background-color:transparent\"><span class=\"aagb__icon dashicons dashicons-plus-alt2\"><\/span><\/div><\/div><div class=\"aagb__accordion_body \" role=\"region\" style=\"background-color:transparent;border-top:1px solid #cccccc;padding:10px 15px 10px 15px\">\n<p>Komm, Heiliger Geist, erf\u00fclle mein Herz.<br>Ich brauche Dein Wirken in mir.<\/p>\n\n\n\n<p>Vater, Du bist in Jesus Christus,<br>Deinem Sohn, und Er in Dir \u2013<br>und ebenso bist Du auch in mir!<br>F\u00fcll mein Herz mit Deiner heiligen Gegenwart.<\/p>\n\n\n\n<p>Ich brauche Dich und will selbst in Dir sein.<br>Ber\u00fchre mich, bewahre mich und halte mich fest, Vater,<br>denn ich bin doch Dein Kind.<\/p>\n\n\n\n<p>Heiliger Geist, f\u00fchre jeden meiner Schritte<br>und hilf mir, in meinen kleinen Entscheidungen Jesus zu suchen,<br>meinen geliebten Herrn, Heiland und Freund, <br>den wiederkommenden Br\u00e4utigam Seiner Gemeinde.<\/p>\n\n\n\n<p>Herr Jesus Christus, Du hast den Preis bezahlt,<br>dass ich so vereint sein kann mit Dir, <br>mit dem Vater und dem Heiligen Geist.<\/p>\n\n\n\n<p>St\u00e4rke meinen Willen, dass ich will, was Du willst,<br>und dann auch tue, wie Du willst.<\/p>\n\n\n\n<p>Ich liebe Dich, Dreieiniger Gott,<br>und will Dich nicht entt\u00e4uschen.<\/p>\n<\/div><\/div>\n\n\n\n<div class=\"wp-block-aab-accordion-item aagb__accordion_container\" style=\"border:1px solid #cccccc;margin-top:0px;margin-bottom:15px;border-radius:0px\"><div class=\"aagb__accordion_head aab_right_icon\" data-active=\"false\" style=\"color:#333333;background-color:transparent;padding:10px 15px 10px 15px\"><div class=\"aagb__accordion_heading aab_right_icon\"><h4 class=\"aagb__accordion_title\" style=\"margin:0;color:#333333\"><strong>Morgengebet um Leben im Geist<\/strong><\/h4><\/div><div class=\"aagb__accordion_icon\" style=\"color:#333333;background-color:transparent\"><span class=\"aagb__icon dashicons dashicons-plus-alt2\"><\/span><\/div><\/div><div class=\"aagb__accordion_body \" role=\"region\" style=\"background-color:transparent;border-top:1px solid #cccccc;padding:10px 15px 10px 15px\">\n<p>\u2026 Und es ward Abend und Morgen \u2013 ein neuer Tag. <br>Und die Nacht ist vergangen und vor mir liegt der Tag <br>mit seinen Herausforderungen und Aufgaben. <br>Ich will ihn im Geist beginnen.<\/p>\n\n\n\n<p>Vater, ich \u00f6ffne mein Herz f\u00fcr Dich soweit ich kann. <br>Im Geist warte ich auf Dich und glaube, <br>dass Du selbst diese Beziehung und Verbindung mit mir suchst.<\/p>\n\n\n\n<p>Wohl lebe ich im Leib auf dieser Erde <br>und bin durch die Schwerkraft mit allem Nat\u00fcrlichen verbunden. <br>Und auch die Seele neigt dazu, am Boden zu kleben <br>und ihr eigenes Leben zu f\u00fchren. <\/p>\n\n\n\n<p>Aber mein Geist streckt sich aus nach Dir:<br>Vater, ich will, dass mein Tag heute <br>durch den Geist von Dir regiert und bestimmt wird. <br>Ich will nicht blind und automatisch den Regungen der Seele folgen, <br>sondern im Geist \u00fcberwinden.<\/p>\n\n\n\n<p>Lass mir immer bewusst sein, <br>dass die Neigung zur S\u00fcnde in meinem Fleisch lebt <br>und Stunde um Stunde besiegt werden muss.<\/p>\n\n\n\n<p>HERR, da bin ich! <br>Mein Geist soll Dir gehorchen und auf Dich h\u00f6ren. <br>Und meine Seele m\u00f6ge ihm gehorchen <br>und den Leib recht regieren.<\/p>\n<\/div><\/div>\n\n\n\n<div class=\"wp-block-aab-accordion-item aagb__accordion_container\" style=\"border:1px solid #cccccc;margin-top:0px;margin-bottom:15px;border-radius:0px\"><div class=\"aagb__accordion_head aab_right_icon\" data-active=\"false\" style=\"color:#333333;background-color:transparent;padding:10px 15px 10px 15px\"><div class=\"aagb__accordion_heading aab_right_icon\"><h4 class=\"aagb__accordion_title\" style=\"margin:0;color:#333333\">Gebet zur St\u00e4rkung des Geistes<\/h4><\/div><div class=\"aagb__accordion_icon\" style=\"color:#333333;background-color:transparent\"><span class=\"aagb__icon dashicons dashicons-plus-alt2\"><\/span><\/div><\/div><div class=\"aagb__accordion_body \" role=\"region\" style=\"background-color:transparent;border-top:1px solid #cccccc;padding:10px 15px 10px 15px\">\n<p>Vater, ich anerkenne die St\u00e4rke des Leibes, der sein Recht fordert und auch die Seele zu bestimmen versteht. Ich anerkenne die Berechtigung der Leibes-Bed\u00fcrfnisse. Aber ich widerspreche seinem Anspruch auf Selbstbestimmung!<\/p>\n\n\n\n<p>Viel weniger verstehe ich vom Wesen der Seele, weil sie nicht greifbar oder messbar ist wie der Leib. Sie ist eher wie der Nebel oder Rauch, der \u00fcberall eindringen kann, oder wie Wasser und feiner Sand. Sie ist nicht die Herrin, aber sie benimmt sich gern so, als w\u00e4re sie es. Und von Natur ist sie dem Leib gegen\u00fcber helfend, dienend \u2013 und doch herrschend. Ihre Kraft ist die Manipulation und Einsch\u00fcchterung, damit will sie bestimmen und dominieren.<\/p>\n\n\n\n<p>Beide geh\u00f6ren der Erde! Beide fragen nicht nach dem Himmel. Das ist die Aufgabe des Geistes, den DU jedem Menschen geschenkt hast, auch wenn er von der Natur weitgehend versch\u00fcttet wurde.<\/p>\n\n\n\n<p>VATER! Darum rufe ich zu Dir: <br>St\u00e4rke meinen Geist, <br>befreie meinen Geist, <br>setze ihn ein in sein Amt <br>als Herr im Haus und Stellvertreter f\u00fcr Dich.<\/p>\n\n\n\n<p>Vater, ich anerkenne, dass es ein Sterben und einen Zerbruch der Seele bedeutet und viel Verzicht, ja Opfer f\u00fcr den Leib, die Herrschaft an den Geist abzugeben. Und ich bekenne, dass ich das allein nicht schaffe. Meine Seele und mein Leib sind zu stark und eigenst\u00e4ndig.<\/p>\n\n\n\n<p>Aber erquicke Du meinen Geist, <br>zeig mir, womit ich ihn n\u00e4hren kann. <br>O Gott, erbarme Dich meiner <br>und st\u00e4rke meinen Geist.<\/p>\n<\/div><\/div>\n<\/div>\n","protected":false},"excerpt":{"rendered":"<p>Am Morgen Gebetszeit am Morgen Dies ist ein l\u00e4ngeres Gebet mit ganz verschiedenen Aspekten, die ich nicht aus den Augen verlieren m\u00f6chte (noch im Aufbau begriffen)<\/p>\n","protected":false},"author":1,"featured_media":0,"parent":0,"menu_order":0,"comment_status":"closed","ping_status":"closed","template":"","meta":{"_lmt_disableupdate":"yes","_lmt_disable":"","footnotes":""},"class_list":["post-650","page","type-page","status-publish","hentry"],"_links":{"self":[{"href":"http:\/\/wp-box-eg2020.de\/index.php?rest_route=\/wp\/v2\/pages\/650","targetHints":{"allow":["GET"]}}],"collection":[{"href":"http:\/\/wp-box-eg2020.de\/index.php?rest_route=\/wp\/v2\/pages"}],"about":[{"href":"http:\/\/wp-box-eg2020.de\/index.php?rest_route=\/wp\/v2\/types\/page"}],"author":[{"embeddable":true,"href":"http:\/\/wp-box-eg2020.de\/index.php?rest_route=\/wp\/v2\/users\/1"}],"replies":[{"embeddable":true,"href":"http:\/\/wp-box-eg2020.de\/index.php?rest_route=%2Fwp%2Fv2%2Fcomments&post=650"}],"version-history":[{"count":17,"href":"http:\/\/wp-box-eg2020.de\/index.php?rest_route=\/wp\/v2\/pages\/650\/revisions"}],"predecessor-version":[{"id":913,"href":"http:\/\/wp-box-eg2020.de\/index.php?rest_route=\/wp\/v2\/pages\/650\/revisions\/913"}],"wp:attachment":[{"href":"http:\/\/wp-box-eg2020.de\/index.php?rest_route=%2Fwp%2Fv2%2Fmedia&parent=650"}],"curies":[{"name":"wp","href":"https:\/\/api.w.org\/{rel}","templated":true}]}}