{"id":678,"date":"2022-10-08T09:47:47","date_gmt":"2022-10-08T09:47:47","guid":{"rendered":"http:\/\/wp-box-eg2020.de\/?page_id=678"},"modified":"2022-10-09T17:39:47","modified_gmt":"2022-10-09T17:39:47","slug":"ewigkeit","status":"publish","type":"page","link":"http:\/\/wp-box-eg2020.de\/?page_id=678","title":{"rendered":"Ewigkeit"},"content":{"rendered":"\n<figure class=\"wp-block-audio\"><audio controls src=\"http:\/\/wp-box-eg2020.de\/wp-content\/uploads\/2021\/03\/02-Ewigkeit.mp3\"><\/audio><\/figure>\n\n\n\n<pre class=\"wp-block-verse\">Wenn Gott einmal zum Menschen spricht: \n\"ICH wei\u00df nicht, wer du bist!\"\nWo ist der dann, der selber sich \nmit seinem Sein ummi\u00dft?\nKann er denn sein und sein auch nicht \nin vollem Widerspruch?\nWei\u00df Gott, was in der H\u00f6ll geschieht \nan endlichem Zerbruch?\n\nWas Gott nicht wei\u00df, was ER nicht kennt, \ndas kann auch nicht mehr sein.\nDenn au\u00dfer Gott gibt es kein Sein,\ndas man bei diesem Namen nennt.\n\nGott umschlie\u00dft alles, was da ist,\nund ohne IHN ist nichts,\nberufnen Kindern Seines Lichts\nbemi\u00dft ER auch die Frist.\n\nSein, fern von Gott \u2013 wo soll das sein?\nIn einer eignen Welt,\ndie fern von Gott in eignem Raum\nsich selber nur gef\u00e4llt?\n\nEs kann nichts sein und sein doch nicht.\nIn Gott ist alles Sein,\nJa, fern von IHM Vergehn allein\nnachtschwarz fern jedem Licht.\n\nIst das Erl\u00f6sung, ist das Gl\u00fcck?\nWas nicht ist, f\u00fchlt auch nicht,\nnur wer in sich als fernes Licht\nGott ahnt, will auch zur\u00fcck.\n\nWenn einst die Welt vergehen wird,\nverschwindet so viel Sein.\nNur was nicht v\u00f6llig Gott fern irrt\nhat dann Bestand allein.\n\nWas Gott nicht kennt, verhaucht sein Sein\nentschwindet Raum und Zeit,\nWas ER ber\u00fchrt hat, das allein\nbesteht in Gottes Ewigkeit.\n\nEs mag wohl irren durch den Raum \nund schwanken in der Zeit,\nein Funke nur, ein wenig Schaum\nund doch auch Gott geweiht.\n\nWas Gott erkennt \u2013 ER dich, du IHN \u2013\ndas hat auch wahres Sein,\ndas kann am Ende seinen Sinn\nfinden in Gott allein.\n\nVon IHM, in IHM, zu IHM allein\nist alles, was wird sein.\nER f\u00fcllt die Welt und ruft sie heim \u2013\nsie wird vollkommen sein!\n\n8.8.2004<\/pre>\n","protected":false},"excerpt":{"rendered":"<p>Wenn Gott einmal zum Menschen spricht: &#8222;ICH wei\u00df nicht, wer du bist!&#8220; Wo ist der dann, der selber sich mit seinem Sein ummi\u00dft? Kann er denn sein und sein auch nicht in vollem Widerspruch? Wei\u00df Gott, was in der H\u00f6ll geschieht an endlichem Zerbruch? Was Gott nicht wei\u00df, was ER nicht kennt, das kann auch [&hellip;]<\/p>\n","protected":false},"author":1,"featured_media":0,"parent":658,"menu_order":2,"comment_status":"closed","ping_status":"closed","template":"","meta":{"_lmt_disableupdate":"yes","_lmt_disable":"","footnotes":""},"class_list":["post-678","page","type-page","status-publish","hentry"],"_links":{"self":[{"href":"http:\/\/wp-box-eg2020.de\/index.php?rest_route=\/wp\/v2\/pages\/678","targetHints":{"allow":["GET"]}}],"collection":[{"href":"http:\/\/wp-box-eg2020.de\/index.php?rest_route=\/wp\/v2\/pages"}],"about":[{"href":"http:\/\/wp-box-eg2020.de\/index.php?rest_route=\/wp\/v2\/types\/page"}],"author":[{"embeddable":true,"href":"http:\/\/wp-box-eg2020.de\/index.php?rest_route=\/wp\/v2\/users\/1"}],"replies":[{"embeddable":true,"href":"http:\/\/wp-box-eg2020.de\/index.php?rest_route=%2Fwp%2Fv2%2Fcomments&post=678"}],"version-history":[{"count":1,"href":"http:\/\/wp-box-eg2020.de\/index.php?rest_route=\/wp\/v2\/pages\/678\/revisions"}],"predecessor-version":[{"id":679,"href":"http:\/\/wp-box-eg2020.de\/index.php?rest_route=\/wp\/v2\/pages\/678\/revisions\/679"}],"up":[{"embeddable":true,"href":"http:\/\/wp-box-eg2020.de\/index.php?rest_route=\/wp\/v2\/pages\/658"}],"wp:attachment":[{"href":"http:\/\/wp-box-eg2020.de\/index.php?rest_route=%2Fwp%2Fv2%2Fmedia&parent=678"}],"curies":[{"name":"wp","href":"https:\/\/api.w.org\/{rel}","templated":true}]}}