{"id":718,"date":"2022-10-09T17:27:06","date_gmt":"2022-10-09T17:27:06","guid":{"rendered":"http:\/\/wp-box-eg2020.de\/?page_id=718"},"modified":"2022-10-09T17:40:02","modified_gmt":"2022-10-09T17:40:02","slug":"gott-ist-realer-als-wir-denken","status":"publish","type":"page","link":"http:\/\/wp-box-eg2020.de\/?page_id=718","title":{"rendered":"Gott ist realer als wir denken"},"content":{"rendered":"\n<figure class=\"wp-block-audio\"><audio controls src=\"http:\/\/wp-box-eg2020.de\/wp-content\/uploads\/2021\/03\/03-Gott-ist-realer-als-wir-denken.mp3\"><\/audio><\/figure>\n\n\n\n<pre class=\"wp-block-verse\">Gott ist nur noch ein Denkbegriff \nf\u00fcr viele, ja die meisten,\nnicht mehr der Sch\u00f6pfer, der uns rief,\nwir wollen es uns leisten,\ndass wir die Welt ganz ohne Ihn,\nganz ohne Seine Liebe,\nund damit v\u00f6llig ohne Sinn,\nzu denken uns belieben.\n\nWer aber sind wir? Und woher\nkommt unser Sein? \nGanz von allein?\nIst das des Lebens Wesen?\nSeh'n wir nicht Ihn, sieht uns nicht Er\nin dunkler Nacht\nfern Seiner Macht\nwir k\u00f6nnten nur verwesen!\n\nDoch nun ist Gott, ganz ohne Not,\nnicht mehr zu hinterfragen,\nund wir sind auch \u2013 sind wir in Gott,\ndann l\u00e4\u00dft sich alles tragen.\n\nWenn Er uns tr\u00e4gt, wenn Er uns schuf,\nsind wir in Ihm geborgen.\nWir sehn nicht weit, nur unsre Zeit,\nSein ist wie heut das Morgen.\n\nWie weit ich reich, erfahr zugleich \u2013\nnicht mehr als Armes L\u00e4nge.\nDoch Er ist da, ist jedem nah,\nsprengt alles Denkens Enge.\n\nWelch Unterschied, welch gro\u00dfe Lieb,\nGott ist, uns zu begegnen.\nWir sind auf Ihn hin, das ist Sinn,\nEr kommt, um nur zu segnen.\n\nUnd das Gesch\u00f6pf, der arme Tropf,\nverschlie\u00dft vor Ihm die Augen.\nEs lebt in Ihm und kommt von Ihm,\nund will es doch nicht glauben.\n\nWas soll Er tun? Er kann nicht ruhn,\nSein Herz hat Ihn getrieben,\nsind wir auch blind und doch Sein Kind,\nEr sucht, dass wir Ihn lieben.\n\nSo kommt Er her, ganz ohne Ehr,\nsieht aus wie wir aussehen,\nund k\u00fcndet uns des Vaters Gunst,\nin Ihm wir Gott nun sehen.\n\nGott ist im Leib, und dennoch bleibt,\ndass wir nur glaubend sehen,\nEr sieht uns an und wartet dann,\nbis wir die Augen heben.\n\nWir sehn Ihn an, verstehen dann,\nin Ihm sind Anfang, Ende.\nEr ist allein all unser Sein,\nwir sind in Seinen H\u00e4nden.\n\n17.12.2007<\/pre>\n","protected":false},"excerpt":{"rendered":"<p>Gott ist nur noch ein Denkbegriff f\u00fcr viele, ja die meisten, nicht mehr der Sch\u00f6pfer, der uns rief, wir wollen es uns leisten, dass wir die Welt ganz ohne Ihn, ganz ohne Seine Liebe, und damit v\u00f6llig ohne Sinn, zu denken uns belieben. Wer aber sind wir? Und woher kommt unser Sein? Ganz von allein? [&hellip;]<\/p>\n","protected":false},"author":1,"featured_media":0,"parent":658,"menu_order":3,"comment_status":"closed","ping_status":"closed","template":"","meta":{"_lmt_disableupdate":"yes","_lmt_disable":"","footnotes":""},"class_list":["post-718","page","type-page","status-publish","hentry"],"_links":{"self":[{"href":"http:\/\/wp-box-eg2020.de\/index.php?rest_route=\/wp\/v2\/pages\/718","targetHints":{"allow":["GET"]}}],"collection":[{"href":"http:\/\/wp-box-eg2020.de\/index.php?rest_route=\/wp\/v2\/pages"}],"about":[{"href":"http:\/\/wp-box-eg2020.de\/index.php?rest_route=\/wp\/v2\/types\/page"}],"author":[{"embeddable":true,"href":"http:\/\/wp-box-eg2020.de\/index.php?rest_route=\/wp\/v2\/users\/1"}],"replies":[{"embeddable":true,"href":"http:\/\/wp-box-eg2020.de\/index.php?rest_route=%2Fwp%2Fv2%2Fcomments&post=718"}],"version-history":[{"count":1,"href":"http:\/\/wp-box-eg2020.de\/index.php?rest_route=\/wp\/v2\/pages\/718\/revisions"}],"predecessor-version":[{"id":719,"href":"http:\/\/wp-box-eg2020.de\/index.php?rest_route=\/wp\/v2\/pages\/718\/revisions\/719"}],"up":[{"embeddable":true,"href":"http:\/\/wp-box-eg2020.de\/index.php?rest_route=\/wp\/v2\/pages\/658"}],"wp:attachment":[{"href":"http:\/\/wp-box-eg2020.de\/index.php?rest_route=%2Fwp%2Fv2%2Fmedia&parent=718"}],"curies":[{"name":"wp","href":"https:\/\/api.w.org\/{rel}","templated":true}]}}