{"id":725,"date":"2022-10-09T17:37:10","date_gmt":"2022-10-09T17:37:10","guid":{"rendered":"http:\/\/wp-box-eg2020.de\/?page_id=725"},"modified":"2022-10-09T17:40:24","modified_gmt":"2022-10-09T17:40:24","slug":"bergen-belsen","status":"publish","type":"page","link":"http:\/\/wp-box-eg2020.de\/?page_id=725","title":{"rendered":"KZ\u2013Gedenkst\u00e4tte Bergen\u2013Belsen"},"content":{"rendered":"\n<figure class=\"wp-block-audio\"><audio controls src=\"http:\/\/wp-box-eg2020.de\/wp-content\/uploads\/2021\/03\/05-Bergen-Belsen.mp3\"><\/audio><figcaption>Nach einem Rundgang auf der Bank bei dem Obelisken mit Blick \u00fcber die Heide\u2013Waldlandschaft, in der am Rande einige Massengr\u00e4ber als heidebewachsene H\u00fcgel zu erkennen sind.<\/figcaption><\/figure>\n\n\n\n<pre class=\"wp-block-verse\">Heide, sag, wie kannst Du bl\u00fchen,\nneben Dir ein Totenfeld?\nWald, mu\u00dft Du denn nicht entfliehen\nvor dem Graun, das Du verh\u00fcllst?\n\nTausend Meter \u2013 tausend Tote\neine unbekannte Zahl\nbirgt die heidefarbne Grotte\nund verbirgt die letzte Qual.\n\nBilder sind uns hinterlassen\njedes kaum Sekunden zeigt.\nNichts k\u00f6nnt je das Grauen fassen,\ndas gleich unterm Boden schweigt.\n\nLange Wege, weite Fl\u00e4chen\ndeuten an, wie gro\u00df es war.\nKleine Zeichen leise sprechen\nvon der totgeweihten Schar.\n\nWieviel Leid war hier gelitten,\njeder Tag war davon voll.\nUnd wer h\u00f6rte eure Bitten,\nwart Ihr mehr als eine Null?\n\nWo war Gott auf Euren Wegen?\nWag ich das zu fragen hier?\nGott, Du liebst es doch zu segnen,\naber was war dieses Dir?\n\nIch erkenne Deine Gr\u00f6\u00dfe,\nfrage nicht, was mir zu hoch.\nAber was tat dieses B\u00f6se,\ndas m\u00f6cht ich verstehen doch!\n\nIst es Willk\u00fcr, Despotismus,\nist es b\u00f6se Tyrannei?\nVater, zeig, was ich verstehn mu\u00df,\nda\u00df Du doch nur Vater seist!\n\nUnerme\u00dflich sind die Wege\nzwischen Gott und dieser Welt.\nER tut alles, da\u00df ER rette\nund den Feind des Lebens f\u00e4llt.\n\nWie gro\u00df mu\u00df sein Dein Erbarmen,\nwenn Du solches Graun erlaubst,\njeden birgst Du in den Armen,\nden Dir hier der Tod geraubt.\n\nDeine Vaterlieb ich preise,\nsie reicht in den tiefsten Grund,\nimmer hast Du eine Weise,\nda\u00df Dein Kind in Dir gesund\u0301.\n\nUnd so h\u00fcllt der Wald erbarmend\ndieses Grauen lebend ein.\nUnd die vielen Tausend Armen\nstill in Dir geborgen sein.\n\nEinst das B\u00f6se sich verzehret\nseine Kraft in Nichts zerrinnt.\nDann ist alles heimgekehret,\ndas zu Dir hin ist gesinnt.\n\nDann ruht jeder, der Dich liebet,\nganz in Dir, am Herzen Dein,\nauch wenn heute noch betr\u00fcbet\nmich der Grauenst\u00e4tte Pein.\n\n18.8.2003 <\/pre>\n","protected":false},"excerpt":{"rendered":"<p>Heide, sag, wie kannst Du bl\u00fchen, neben Dir ein Totenfeld? Wald, mu\u00dft Du denn nicht entfliehen vor dem Graun, das Du verh\u00fcllst? Tausend Meter \u2013 tausend Tote eine unbekannte Zahl birgt die heidefarbne Grotte und verbirgt die letzte Qual. Bilder sind uns hinterlassen jedes kaum Sekunden zeigt. Nichts k\u00f6nnt je das Grauen fassen, das gleich [&hellip;]<\/p>\n","protected":false},"author":1,"featured_media":0,"parent":658,"menu_order":5,"comment_status":"closed","ping_status":"closed","template":"","meta":{"_lmt_disableupdate":"yes","_lmt_disable":"","footnotes":""},"class_list":["post-725","page","type-page","status-publish","hentry"],"_links":{"self":[{"href":"http:\/\/wp-box-eg2020.de\/index.php?rest_route=\/wp\/v2\/pages\/725","targetHints":{"allow":["GET"]}}],"collection":[{"href":"http:\/\/wp-box-eg2020.de\/index.php?rest_route=\/wp\/v2\/pages"}],"about":[{"href":"http:\/\/wp-box-eg2020.de\/index.php?rest_route=\/wp\/v2\/types\/page"}],"author":[{"embeddable":true,"href":"http:\/\/wp-box-eg2020.de\/index.php?rest_route=\/wp\/v2\/users\/1"}],"replies":[{"embeddable":true,"href":"http:\/\/wp-box-eg2020.de\/index.php?rest_route=%2Fwp%2Fv2%2Fcomments&post=725"}],"version-history":[{"count":1,"href":"http:\/\/wp-box-eg2020.de\/index.php?rest_route=\/wp\/v2\/pages\/725\/revisions"}],"predecessor-version":[{"id":726,"href":"http:\/\/wp-box-eg2020.de\/index.php?rest_route=\/wp\/v2\/pages\/725\/revisions\/726"}],"up":[{"embeddable":true,"href":"http:\/\/wp-box-eg2020.de\/index.php?rest_route=\/wp\/v2\/pages\/658"}],"wp:attachment":[{"href":"http:\/\/wp-box-eg2020.de\/index.php?rest_route=%2Fwp%2Fv2%2Fmedia&parent=725"}],"curies":[{"name":"wp","href":"https:\/\/api.w.org\/{rel}","templated":true}]}}