{"id":738,"date":"2022-10-09T17:56:24","date_gmt":"2022-10-09T17:56:24","guid":{"rendered":"http:\/\/wp-box-eg2020.de\/?page_id=738"},"modified":"2022-10-09T17:59:26","modified_gmt":"2022-10-09T17:59:26","slug":"kleiner-brunnen","status":"publish","type":"page","link":"http:\/\/wp-box-eg2020.de\/?page_id=738","title":{"rendered":"Kleiner Brunnen"},"content":{"rendered":"\n<figure class=\"wp-block-audio\"><audio controls src=\"http:\/\/wp-box-eg2020.de\/wp-content\/uploads\/2021\/03\/09-Kleiner-Brunnen.mp3\"><\/audio><\/figure>\n\n\n\n<pre class=\"wp-block-verse\">Manchmal bin ich wie ein halb verstopfter Brunnen,\ndessen R\u00f6hre nur ein kleines Rinnsal Wasser gibt.\nIm Gebirge meiner Seele staut sich eine starke Quelle an,\ndie so gern f\u00fcr andre Menschen flie\u00dfen w\u00fcrde.\nAber irgendeine Macht verhindert das.\n\nHin und wieder begegne ich einem Menschen,\nder an diesem Brunnen Wasser holen m\u00f6chte.\nManchmal schenkt mir Gott, dass ich mein Herz dann \u00f6ffne,\nund mancher Mensch wird dann auf einmal nass.\nSo wenige ertragen oder suchen ein Vollbad.\n\n\"Nicht gut ist, dass der Mensch f\u00fcr sich allein ist\",\nund kein Brunnen ist als Selbstzweck aufgestellt.\nBrunnen sind gebaut als Lebensspender,\ndoch was n\u00fctzen sie, wenn niemand trinken will?\n\n\nDoch ein andrer Brunnen steht noch viel verlassner,\nEr, aus dem das vollste Leben flie\u00dft.\nEr bietet uns kostenloses Wasser,\ndoch wer trinkt davon, dass es auch durch ihn selber flie\u00dft?\n\nEr steht viel verlassner auf der Erde,\nEr verschenkt, verstr\u00f6mt sich ohne End,\nund so wenige k\u00f6nnen erkennen,\ndass ihr ganzes Dasein v\u00f6llig an Ihm h\u00e4ngt.\n\nW\u00fcrde dieser Brunnen aufh\u00f6ren zu flie\u00dfen,\nw\u00e4re kalt und leblos diese Welt \nNichts Lebendiges w\u00e4re dann mehr zu finden,\nselbst Atome fr\u00f6ren alle restlos ein.\n\nKeine Energie g\u00e4be es mehr im Weltall.\nSterne strahlten nicht und h\u00f6rten auf zu sein.\nKalt und dunkel, ohne jegliche Bewegung,\nh\u00f6rten Raum und Zeit zu existieren v\u00f6llig auf.\n\nAlles w\u00e4re nicht mehr, fl\u00f6sse nicht mehr dieser Brunnen.\nAlles hat auch heut das Sein von Ihm!\nDoch wer ahnt es? Wer beginnt zu danken,\ndass auch in ihm selbst dies ewge Wasser flie\u00dft?\n\n\nMuss darum ich kleiner Brunnen \nnicht auch einfach weiter flie\u00dfen, wie's nur geht?\nTropfenweise, oder als ein Rinnsal,\nwenn der Pfropfen bricht, als heller Strom?\n\nFlie\u00dfe einfach, flie\u00dfe kleiner Brunnen,\nliebe weiter, wie dein kleines Herz vermag.\nFlie\u00dfe, und gib deine kleine Liebe weiter\njeder Seele, die sie aufzunehmen wagt.\n\nSei nicht traurig, wenn du keinen Dank erlebst,\nwer dankt Ihm, der ohne Ende flie\u00dft?\nLiebe mit Ihm, lieb mit allen Kr\u00e4ften, \nnie vergeblich ist es, wenn die Liebe flie\u00dft.\n\n15.7.09 6h59-7h27<\/pre>\n","protected":false},"excerpt":{"rendered":"<p>Manchmal bin ich wie ein halb verstopfter Brunnen, dessen R\u00f6hre nur ein kleines Rinnsal Wasser gibt. Im Gebirge meiner Seele staut sich eine starke Quelle an, die so gern f\u00fcr andre Menschen flie\u00dfen w\u00fcrde. Aber irgendeine Macht verhindert das. Hin und wieder begegne ich einem Menschen, der an diesem Brunnen Wasser holen m\u00f6chte. Manchmal schenkt [&hellip;]<\/p>\n","protected":false},"author":1,"featured_media":0,"parent":658,"menu_order":9,"comment_status":"closed","ping_status":"closed","template":"","meta":{"_lmt_disableupdate":"yes","_lmt_disable":"","footnotes":""},"class_list":["post-738","page","type-page","status-publish","hentry"],"_links":{"self":[{"href":"http:\/\/wp-box-eg2020.de\/index.php?rest_route=\/wp\/v2\/pages\/738","targetHints":{"allow":["GET"]}}],"collection":[{"href":"http:\/\/wp-box-eg2020.de\/index.php?rest_route=\/wp\/v2\/pages"}],"about":[{"href":"http:\/\/wp-box-eg2020.de\/index.php?rest_route=\/wp\/v2\/types\/page"}],"author":[{"embeddable":true,"href":"http:\/\/wp-box-eg2020.de\/index.php?rest_route=\/wp\/v2\/users\/1"}],"replies":[{"embeddable":true,"href":"http:\/\/wp-box-eg2020.de\/index.php?rest_route=%2Fwp%2Fv2%2Fcomments&post=738"}],"version-history":[{"count":2,"href":"http:\/\/wp-box-eg2020.de\/index.php?rest_route=\/wp\/v2\/pages\/738\/revisions"}],"predecessor-version":[{"id":740,"href":"http:\/\/wp-box-eg2020.de\/index.php?rest_route=\/wp\/v2\/pages\/738\/revisions\/740"}],"up":[{"embeddable":true,"href":"http:\/\/wp-box-eg2020.de\/index.php?rest_route=\/wp\/v2\/pages\/658"}],"wp:attachment":[{"href":"http:\/\/wp-box-eg2020.de\/index.php?rest_route=%2Fwp%2Fv2%2Fmedia&parent=738"}],"curies":[{"name":"wp","href":"https:\/\/api.w.org\/{rel}","templated":true}]}}