{"id":741,"date":"2022-10-09T17:59:56","date_gmt":"2022-10-09T17:59:56","guid":{"rendered":"http:\/\/wp-box-eg2020.de\/?page_id=741"},"modified":"2022-10-09T18:03:06","modified_gmt":"2022-10-09T18:03:06","slug":"das-wunder-des-wachsens-und-bluehens","status":"publish","type":"page","link":"http:\/\/wp-box-eg2020.de\/?page_id=741","title":{"rendered":"Das Wunder des Wachsens und Bl\u00fchens"},"content":{"rendered":"\n<figure class=\"wp-block-audio\"><audio controls src=\"http:\/\/wp-box-eg2020.de\/wp-content\/uploads\/2021\/03\/10-Wachsen-ud-Bluehen.mp3\"><\/audio><\/figure>\n\n\n\n<pre class=\"wp-block-verse\">Mein Leben erbl\u00fche vor Dir, meinem Gott,\nzuerst kommt die Knospe im Winter voll Not.\nMan sieht noch nicht viel, was daraus werden soll,\ndurch Schnee und durch K\u00e4lte \u2013 sie f\u00fchlt sich nicht wohl!\nDoch dann kommt der Fr\u00fchling, die W\u00e4rme, das Licht,\nda gehet sie auf, nun entfaltet sie sich.\n\nO welche Sch\u00f6nheit! ganz rein sieht sie aus!\nKein Flecken, kein Falte, ein offenes Haus.\nDann f\u00e4llt in sie einmal der Pollen hinein\nda ist es vorbei mit dem leuchtenden Schein.\nDas ist wie ein Stich, der die Sch\u00f6nheit zerst\u00f6rt,\ndas Bild reiner Jugend hat so bald aufgeh\u00f6rt.\nDie strahlenden Bl\u00e4tter der Bl\u00fcte sind hin,\nO weh, meine Sch\u00f6nheit! Was ist nun mein Sinn?\n\nDoch ganz in der Tiefe vollzieht sich etwas,\ndas ich nicht begreife, ich sp\u00fcre nur dass \u2026\nDa w\u00e4chst nun und schwillt etwas an voller Kraft,\ndas Wetter des Sommers das Seine nun schafft.\nEs ist wohl die Frucht, doch sie ist nicht zu sehn,\nverh\u00fcllt von viel Bl\u00e4ttern muss sie wohl entstehn.\nDas ist eine Zeit voller Arbeit und Hast,\nund der Baum, der mich tr\u00e4gt, biegt sich unter der Last.\n\nDoch dann kommt, wenn es Zeit ist, der Herbst seiner Art,\ndie Tage sind k\u00fcrzer, meine Kraft nimmt bald ab,\nDoch im Welken der Bl\u00e4tter ist leuchtend zu sehn,\nJede Menge von Fr\u00fcchten, ganz reif bald und sch\u00f6n.\n\nSie werden geerntet, und der Baum kommt zur Ruh,\nder kommende Winter deckt alles bald zu\nmit der Schicht seiner K\u00e4lte, da alles erstirbt,\ndoch verborgen im Innern neue Knospen er birgt.\n\n7.6.09<\/pre>\n","protected":false},"excerpt":{"rendered":"<p>Mein Leben erbl\u00fche vor Dir, meinem Gott, zuerst kommt die Knospe im Winter voll Not. Man sieht noch nicht viel, was daraus werden soll, durch Schnee und durch K\u00e4lte \u2013 sie f\u00fchlt sich nicht wohl! Doch dann kommt der Fr\u00fchling, die W\u00e4rme, das Licht, da gehet sie auf, nun entfaltet sie sich. O welche Sch\u00f6nheit! [&hellip;]<\/p>\n","protected":false},"author":1,"featured_media":0,"parent":658,"menu_order":10,"comment_status":"closed","ping_status":"closed","template":"","meta":{"_lmt_disableupdate":"yes","_lmt_disable":"","footnotes":""},"class_list":["post-741","page","type-page","status-publish","hentry"],"_links":{"self":[{"href":"http:\/\/wp-box-eg2020.de\/index.php?rest_route=\/wp\/v2\/pages\/741","targetHints":{"allow":["GET"]}}],"collection":[{"href":"http:\/\/wp-box-eg2020.de\/index.php?rest_route=\/wp\/v2\/pages"}],"about":[{"href":"http:\/\/wp-box-eg2020.de\/index.php?rest_route=\/wp\/v2\/types\/page"}],"author":[{"embeddable":true,"href":"http:\/\/wp-box-eg2020.de\/index.php?rest_route=\/wp\/v2\/users\/1"}],"replies":[{"embeddable":true,"href":"http:\/\/wp-box-eg2020.de\/index.php?rest_route=%2Fwp%2Fv2%2Fcomments&post=741"}],"version-history":[{"count":2,"href":"http:\/\/wp-box-eg2020.de\/index.php?rest_route=\/wp\/v2\/pages\/741\/revisions"}],"predecessor-version":[{"id":743,"href":"http:\/\/wp-box-eg2020.de\/index.php?rest_route=\/wp\/v2\/pages\/741\/revisions\/743"}],"up":[{"embeddable":true,"href":"http:\/\/wp-box-eg2020.de\/index.php?rest_route=\/wp\/v2\/pages\/658"}],"wp:attachment":[{"href":"http:\/\/wp-box-eg2020.de\/index.php?rest_route=%2Fwp%2Fv2%2Fmedia&parent=741"}],"curies":[{"name":"wp","href":"https:\/\/api.w.org\/{rel}","templated":true}]}}